{"id":5,"date":"2025-08-19T05:11:31","date_gmt":"2025-08-19T05:11:31","guid":{"rendered":"https:\/\/thefundmentor.com\/?page_id=5"},"modified":"2025-08-19T05:11:31","modified_gmt":"2025-08-19T05:11:31","slug":"about","status":"publish","type":"page","link":"https:\/\/thefundmentor.com\/fr\/about\/","title":{"rendered":"\u00c0 propos"},"content":{"rendered":"<p><strong><br><\/strong>Fund Mentor a \u00e9t\u00e9 cr\u00e9\u00e9 pour fournir aux lecteurs des informations financi\u00e8res accessibles et fiables, les aidant ainsi \u00e0 prendre des d\u00e9cisions \u00e9clair\u00e9es au quotidien. Notre mission est de simplifier les sujets financiers complexes et de les pr\u00e9senter de mani\u00e8re claire, instructive et pratique. Nous sommes convaincus que chacun, quels que soient son parcours et son exp\u00e9rience, m\u00e9rite de comprendre le fonctionnement de l&#039;argent et d&#039;utiliser efficacement les outils financiers.<\/p>\n\n\n\n<p>Ce qui nous distingue, c&#039;est notre approche \u00e9ditoriale. Nous privil\u00e9gions la clart\u00e9, l&#039;ind\u00e9pendance et la p\u00e9dagogie plut\u00f4t que la vente. Les articles et guides que vous trouverez ici sont con\u00e7us pour enrichir vos connaissances, et non pour vous inciter \u00e0 acheter des produits ou des services. Chaque contenu vise \u00e0 expliquer des concepts, \u00e0 mettre en lumi\u00e8re les tendances actuelles et \u00e0 fournir des conseils pratiques directement applicables \u00e0 votre propre parcours financier.<\/p>\n\n\n\n<h2 class=\"wp-block-heading\">Ce que vous trouverez sur The Fund Mentor<\/h2>\n\n\n\n<p>Notre plateforme aborde un large \u00e9ventail de sujets financiers et propose des ressources pour vous aider \u00e0 mieux comprendre les diff\u00e9rents aspects de vos finances personnelles. Bien que nous ne fournissions pas nous-m\u00eames de produits financiers, nous compilons et pr\u00e9sentons des informations publiques afin que vous puissiez explorer vos options en toute s\u00e9r\u00e9nit\u00e9.<\/p>\n\n\n\n<p>Voici quelques-uns des domaines que nous couvrons fr\u00e9quemment\u00a0:<\/p>\n\n\n\n<p><strong>Principes fondamentaux de l&#039;investissement\u00a0:<\/strong><\/p>\n\n\n\n<p>Des articles expliquant les bases de l&#039;investissement, des actions et obligations aux fonds communs de placement et aux ETF. Chaque guide vise \u00e0 rendre les march\u00e9s financiers plus accessibles en d\u00e9composant la terminologie et les strat\u00e9gies en \u00e9tapes faciles \u00e0 comprendre.<\/p>\n\n\n\n<p><strong>Strat\u00e9gies de gestion financi\u00e8re\u00a0:<\/strong><\/p>\n\n\n\n<p>Des conseils pratiques sur la gestion budg\u00e9taire, le d\u00e9sendettement, l&#039;\u00e9pargne et la d\u00e9finition d&#039;objectifs financiers \u00e0 long terme. Ces ressources visent \u00e0 encourager les lecteurs \u00e0 adopter des habitudes durables et \u00e0 suivre leurs progr\u00e8s au fil du temps.<\/p>\n\n\n\n<p><strong>Pr\u00e9sentation des produits financiers\u00a0:<\/strong><\/p>\n\n\n\n<p>Des explications claires sur les outils accessibles au public comme les cartes de cr\u00e9dit, les comptes d&#039;\u00e9pargne et les formules de pr\u00eat. Notre contenu d\u00e9crit le fonctionnement habituel de ces produits et les points \u00e0 prendre en compte par les consommateurs lorsqu&#039;ils comparent les diff\u00e9rentes options.<\/p>\n\n\n\n<p><strong>Tendances et perspectives du march\u00e9\u00a0:<\/strong><\/p>\n\n\n\n<p>Des informations contextuelles sur les grandes tendances financi\u00e8res susceptibles d&#039;influencer les d\u00e9cisions en mati\u00e8re de finances personnelles, notamment des analyses de l&#039;inflation, des taux d&#039;int\u00e9r\u00eat et de la performance des march\u00e9s, sont fournies. Ces articles visent \u00e0 aider les lecteurs \u00e0 avoir une vision d&#039;ensemble de la situation.<\/p>\n\n\n\n<p>Notre intention n&#039;est pas de proposer des solutions universelles, mais d&#039;offrir des connaissances que les lecteurs peuvent adapter \u00e0 leur propre situation.<\/p>\n\n\n\n<h2 class=\"wp-block-heading\">Notre approche \u00e9ditoriale<\/h2>\n\n\n\n<p>Chez The Fund Mentor, l&#039;ind\u00e9pendance est primordiale. Nous ne sommes affili\u00e9s \u00e0 aucune banque, aucun organisme de cr\u00e9dit, aucun courtier ni aucune autre institution financi\u00e8re. Les contenus publi\u00e9s sur notre site sont exclusivement destin\u00e9s \u00e0 des fins p\u00e9dagogiques. Nous ne vendons aucun produit financier et d\u00e9clinons toute responsabilit\u00e9 quant aux cons\u00e9quences de l&#039;utilisation d&#039;outils ou de services tiers.<\/p>\n\n\n\n<p>Lors de la r\u00e9daction et de la s\u00e9lection de contenu, notre \u00e9quipe suit quelques principes cl\u00e9s\u00a0:<\/p>\n\n\n\n<ul>\n<li><strong>La clart\u00e9 d&#039;abord :<\/strong> Nous privil\u00e9gions les explications claires et concises, en veillant \u00e0 ce que les termes techniques soient d\u00e9finis et que les exemples soient pertinents.<\/li>\n\n\n\n<li><strong>Orientation pratique :<\/strong> Au lieu de th\u00e9ories abstraites, nous privil\u00e9gions les informations concr\u00e8tes que les lecteurs peuvent utiliser de mani\u00e8re r\u00e9aliste.<\/li>\n\n\n\n<li><strong>Transparence:<\/strong> Lorsqu&#039;un produit financier est d\u00e9crit, nous le pr\u00e9sentons de mani\u00e8re factuelle et rappelons aux lecteurs de v\u00e9rifier les d\u00e9tails sur le site web officiel du fournisseur.<\/li>\n\n\n\n<li><strong>Accessibilit\u00e9:<\/strong> Nous \u00e9crivons pour un large public, en \u00e9vitant autant que possible le jargon et en visant \u00e0 rendre la finance accessible aux d\u00e9butants comme aux passionn\u00e9s qui souhaitent approfondir leurs connaissances.<\/li>\n<\/ul>\n\n\n\n<p>En combinant ces principes, nous visons \u00e0 instaurer la confiance et \u00e0 apporter une valeur durable \u00e0 tous ceux qui cherchent \u00e0 mieux comprendre leurs finances personnelles.<br><\/p>\n\n\n\n<h2 class=\"wp-block-heading\">Mentions l\u00e9gales et avertissements<\/h2>\n\n\n\n<p>Les sujets financiers comportent naturellement des risques, et il est important de d\u00e9finir clairement les limites des services offerts par The Fund Mentor. Les avis suivants pr\u00e9cisent notre position et nos responsabilit\u00e9s\u00a0:<\/p>\n\n\n\n<p><strong>Aucun service financier\u00a0:<\/strong> Nous ne proposons aucun produit financier, service de courtage ni conseil financier personnalis\u00e9. Notre r\u00f4le se limite au partage d&#039;informations \u00e0 des fins p\u00e9dagogiques.<\/p>\n\n\n\n<p><strong>Ind\u00e9pendance vis-\u00e0-vis des tiers :<\/strong> Nous n&#039;entretenons aucun partenariat ni relation contractuelle avec les entreprises ou institutions dont les produits sont susceptibles d&#039;\u00eatre d\u00e9crits sur ce site. Toute mention d&#039;un produit repose sur des informations publiques et ne saurait \u00eatre interpr\u00e9t\u00e9e comme une recommandation.<\/p>\n\n\n\n<p><strong>V\u00e9rification requise\u00a0:<\/strong> Avant de souscrire \u00e0 un produit financier, nous vous invitons \u00e0 consulter le site web officiel du fournisseur. Les informations relatives aux frais, aux taux d&#039;int\u00e9r\u00eat et aux conditions peuvent \u00eatre modifi\u00e9es \u00e0 tout moment, et nous ne pouvons garantir leur exactitude apr\u00e8s la date de publication.<\/p>\n\n\n\n<p><strong>Responsabilit\u00e9 des d\u00e9cisions :<\/strong> Le mentor du fonds d\u00e9cline toute responsabilit\u00e9 en cas de pertes financi\u00e8res, de modifications de produits ou de r\u00e9sultats d\u00e9favorables r\u00e9sultant de d\u00e9cisions prises apr\u00e8s la lecture de nos articles. Il appartient \u00e0 chacun d&#039;\u00e9valuer si un choix financier correspond \u00e0 ses propres besoins.<\/p>\n\n\n\n<p><strong>\u00c0 des fins \u00e9ducatives uniquement\u00a0: <\/strong>Tout le contenu est cr\u00e9\u00e9 \u00e0 des fins d&#039;information et de formation. Il ne saurait se substituer aux conseils de professionnels agr\u00e9\u00e9s tels que des conseillers financiers, des comptables ou des experts juridiques.<\/p>\n\n\n\n<p>Ces mentions l\u00e9gales s&#039;inscrivent dans notre engagement en mati\u00e8re de transparence, et visent \u00e0 garantir que les lecteurs comprennent clairement ce \u00e0 quoi ils peuvent s&#039;attendre lorsqu&#039;ils utilisent notre site.<\/p>\n\n\n\n<h2 class=\"wp-block-heading\">Notre engagement envers nos lecteurs<\/h2>\n\n\n\n<p>Pour nous, The Fund Mentor est bien plus qu&#039;un simple site d&#039;information financi\u00e8re. C&#039;est une plateforme d\u00e9di\u00e9e \u00e0 l&#039;apprentissage continu et \u00e0 l&#039;\u00e9panouissement personnel. En visitant nos pages, les lecteurs acc\u00e8dent \u00e0 des ressources con\u00e7ues pour am\u00e9liorer leurs connaissances financi\u00e8res, renforcer leur confiance en eux et encourager une prise de d\u00e9cision responsable.<\/p>\n\n\n\n<p>Notre engagement est constant\u00a0: nous nous effor\u00e7ons de maintenir notre contenu \u00e0 jour, pertinent et refl\u00e9tant l\u2019\u00e9volution du monde financier. Nous sommes \u00e0 l\u2019\u00e9coute de notre public, adaptons nos sujets aux besoins de nos lecteurs et restons attach\u00e9s \u00e0 fournir une information honn\u00eate, ind\u00e9pendante et pratique.<\/p>\n\n\n\n<p>En d\u00e9finitive, The Fund Mentor a pour vocation d&#039;aider chacun \u00e0 aborder la finance de mani\u00e8re plus simple et moins intimidante. Nous sommes convaincus que le savoir est l&#039;atout le plus pr\u00e9cieux pour construire son avenir financier, et notre objectif est de le rendre accessible au plus grand nombre.<\/p>","protected":false},"excerpt":{"rendered":"<p>The Fund Mentor was created to provide readers with accessible and reliable financial information that supports informed decision-making in everyday life. Our mission is to simplify complex financial topics and present them in a way that feels approachable, insightful, and practical. We believe that everyone, regardless of background or experience, deserves the opportunity to understand [&hellip;]<\/p>","protected":false},"author":3,"featured_media":0,"parent":0,"menu_order":0,"comment_status":"closed","ping_status":"closed","template":"","meta":{"_uag_custom_page_level_css":"","site-sidebar-layout":"default","site-content-layout":"","ast-site-content-layout":"","site-content-style":"default","site-sidebar-style":"default","ast-global-header-display":"","ast-banner-title-visibility":"","ast-main-header-display":"","ast-hfb-above-header-display":"","ast-hfb-below-header-display":"","ast-hfb-mobile-header-display":"","site-post-title":"","ast-breadcrumbs-content":"","ast-featured-img":"","footer-sml-layout":"","theme-transparent-header-meta":"","adv-header-id-meta":"","stick-header-meta":"","header-above-stick-meta":"","header-main-stick-meta":"","header-below-stick-meta":"","astra-migrate-meta-layouts":"default","ast-page-background-enabled":"default","ast-page-background-meta":{"desktop":{"background-color":"var(--ast-global-color-4)","background-image":"","background-repeat":"repeat","background-position":"center center","background-size":"auto","background-attachment":"scroll","background-type":"","background-media":"","overlay-type":"","overlay-color":"","overlay-opacity":"","overlay-gradient":""},"tablet":{"background-color":"","background-image":"","background-repeat":"repeat","background-position":"center center","background-size":"auto","background-attachment":"scroll","background-type":"","background-media":"","overlay-type":"","overlay-color":"","overlay-opacity":"","overlay-gradient":""},"mobile":{"background-color":"","background-image":"","background-repeat":"repeat","background-position":"center center","background-size":"auto","background-attachment":"scroll","background-type":"","background-media":"","overlay-type":"","overlay-color":"","overlay-opacity":"","overlay-gradient":""}},"ast-content-background-meta":{"desktop":{"background-color":"var(--ast-global-color-5)","background-image":"","background-repeat":"repeat","background-position":"center center","background-size":"auto","background-attachment":"scroll","background-type":"","background-media":"","overlay-type":"","overlay-color":"","overlay-opacity":"","overlay-gradient":""},"tablet":{"background-color":"var(--ast-global-color-5)","background-image":"","background-repeat":"repeat","background-position":"center center","background-size":"auto","background-attachment":"scroll","background-type":"","background-media":"","overlay-type":"","overlay-color":"","overlay-opacity":"","overlay-gradient":""},"mobile":{"background-color":"var(--ast-global-color-5)","background-image":"","background-repeat":"repeat","background-position":"center center","background-size":"auto","background-attachment":"scroll","background-type":"","background-media":"","overlay-type":"","overlay-color":"","overlay-opacity":"","overlay-gradient":""}},"footnotes":""},"yoast_head":"<!-- This site is optimized with the Yoast SEO plugin v23.3 - https:\/\/yoast.com\/wordpress\/plugins\/seo\/ -->\n<title>About - The Fund Mentor<\/title>\n<meta name=\"robots\" content=\"index, follow, max-snippet:-1, max-image-preview:large, max-video-preview:-1\" \/>\n<link rel=\"canonical\" href=\"https:\/\/thefundmentor.com\/fr\/about\/\" \/>\n<meta property=\"og:locale\" content=\"fr_FR\" \/>\n<meta property=\"og:type\" content=\"article\" \/>\n<meta property=\"og:title\" content=\"About - The Fund Mentor\" \/>\n<meta property=\"og:description\" content=\"The Fund Mentor was created to provide readers with accessible and reliable financial information that supports informed decision-making in everyday life. Our mission is to simplify complex financial topics and present them in a way that feels approachable, insightful, and practical. We believe that everyone, regardless of background or experience, deserves the opportunity to understand [&hellip;]\" \/>\n<meta property=\"og:url\" content=\"https:\/\/thefundmentor.com\/fr\/about\/\" \/>\n<meta property=\"og:site_name\" content=\"The Fund Mentor\" \/>\n<meta name=\"twitter:card\" content=\"summary_large_image\" \/>\n<meta name=\"twitter:label1\" content=\"Est. reading time\" \/>\n\t<meta name=\"twitter:data1\" content=\"4 minutes\" \/>\n<script type=\"application\/ld+json\" class=\"yoast-schema-graph\">{\"@context\":\"https:\/\/schema.org\",\"@graph\":[{\"@type\":\"WebPage\",\"@id\":\"https:\/\/thefundmentor.com\/about\/\",\"url\":\"https:\/\/thefundmentor.com\/about\/\",\"name\":\"About - The Fund Mentor\",\"isPartOf\":{\"@id\":\"https:\/\/thefundmentor.com\/#website\"},\"datePublished\":\"2025-08-19T05:11:31+00:00\",\"dateModified\":\"2025-08-19T05:11:31+00:00\",\"breadcrumb\":{\"@id\":\"https:\/\/thefundmentor.com\/about\/#breadcrumb\"},\"inLanguage\":\"fr-FR\",\"potentialAction\":[{\"@type\":\"ReadAction\",\"target\":[\"https:\/\/thefundmentor.com\/about\/\"]}]},{\"@type\":\"BreadcrumbList\",\"@id\":\"https:\/\/thefundmentor.com\/about\/#breadcrumb\",\"itemListElement\":[{\"@type\":\"ListItem\",\"position\":1,\"name\":\"Home\",\"item\":\"https:\/\/thefundmentor.com\/\"},{\"@type\":\"ListItem\",\"position\":2,\"name\":\"About\"}]},{\"@type\":\"WebSite\",\"@id\":\"https:\/\/thefundmentor.com\/#website\",\"url\":\"https:\/\/thefundmentor.com\/\",\"name\":\"The Fund Mentor\",\"description\":\"\",\"publisher\":{\"@id\":\"https:\/\/thefundmentor.com\/#organization\"},\"potentialAction\":[{\"@type\":\"SearchAction\",\"target\":{\"@type\":\"EntryPoint\",\"urlTemplate\":\"https:\/\/thefundmentor.com\/?s={search_term_string}\"},\"query-input\":\"required name=search_term_string\"}],\"inLanguage\":\"fr-FR\"},{\"@type\":\"Organization\",\"@id\":\"https:\/\/thefundmentor.com\/#organization\",\"name\":\"The Fund Mentor\",\"url\":\"https:\/\/thefundmentor.com\/\",\"logo\":{\"@type\":\"ImageObject\",\"inLanguage\":\"fr-FR\",\"@id\":\"https:\/\/thefundmentor.com\/#\/schema\/logo\/image\/\",\"url\":\"https:\/\/thefundmentor.com\/wp-content\/uploads\/sites\/506\/2025\/11\/Logo-The-Fund-Mentor.png\",\"contentUrl\":\"https:\/\/thefundmentor.com\/wp-content\/uploads\/sites\/506\/2025\/11\/Logo-The-Fund-Mentor.png\",\"width\":600,\"height\":600,\"caption\":\"The Fund Mentor\"},\"image\":{\"@id\":\"https:\/\/thefundmentor.com\/#\/schema\/logo\/image\/\"}}]}<\/script>\n<!-- \/ Yoast SEO plugin. -->","yoast_head_json":{"title":"About - The Fund Mentor","robots":{"index":"index","follow":"follow","max-snippet":"max-snippet:-1","max-image-preview":"max-image-preview:large","max-video-preview":"max-video-preview:-1"},"canonical":"https:\/\/thefundmentor.com\/fr\/about\/","og_locale":"fr_FR","og_type":"article","og_title":"About - The Fund Mentor","og_description":"The Fund Mentor was created to provide readers with accessible and reliable financial information that supports informed decision-making in everyday life. Our mission is to simplify complex financial topics and present them in a way that feels approachable, insightful, and practical. We believe that everyone, regardless of background or experience, deserves the opportunity to understand [&hellip;]","og_url":"https:\/\/thefundmentor.com\/fr\/about\/","og_site_name":"The Fund Mentor","twitter_card":"summary_large_image","twitter_misc":{"Est. reading time":"4 minutes"},"schema":{"@context":"https:\/\/schema.org","@graph":[{"@type":"WebPage","@id":"https:\/\/thefundmentor.com\/about\/","url":"https:\/\/thefundmentor.com\/about\/","name":"About - The Fund Mentor","isPartOf":{"@id":"https:\/\/thefundmentor.com\/#website"},"datePublished":"2025-08-19T05:11:31+00:00","dateModified":"2025-08-19T05:11:31+00:00","breadcrumb":{"@id":"https:\/\/thefundmentor.com\/about\/#breadcrumb"},"inLanguage":"fr-FR","potentialAction":[{"@type":"ReadAction","target":["https:\/\/thefundmentor.com\/about\/"]}]},{"@type":"BreadcrumbList","@id":"https:\/\/thefundmentor.com\/about\/#breadcrumb","itemListElement":[{"@type":"ListItem","position":1,"name":"Home","item":"https:\/\/thefundmentor.com\/"},{"@type":"ListItem","position":2,"name":"About"}]},{"@type":"WebSite","@id":"https:\/\/thefundmentor.com\/#website","url":"https:\/\/thefundmentor.com\/","name":"The Fund Mentor","description":"","publisher":{"@id":"https:\/\/thefundmentor.com\/#organization"},"potentialAction":[{"@type":"SearchAction","target":{"@type":"EntryPoint","urlTemplate":"https:\/\/thefundmentor.com\/?s={search_term_string}"},"query-input":"required name=search_term_string"}],"inLanguage":"fr-FR"},{"@type":"Organization","@id":"https:\/\/thefundmentor.com\/#organization","name":"The Fund Mentor","url":"https:\/\/thefundmentor.com\/","logo":{"@type":"ImageObject","inLanguage":"fr-FR","@id":"https:\/\/thefundmentor.com\/#\/schema\/logo\/image\/","url":"https:\/\/thefundmentor.com\/wp-content\/uploads\/sites\/506\/2025\/11\/Logo-The-Fund-Mentor.png","contentUrl":"https:\/\/thefundmentor.com\/wp-content\/uploads\/sites\/506\/2025\/11\/Logo-The-Fund-Mentor.png","width":600,"height":600,"caption":"The Fund Mentor"},"image":{"@id":"https:\/\/thefundmentor.com\/#\/schema\/logo\/image\/"}}]}},"uagb_featured_image_src":{"full":false,"thumbnail":false,"medium":false,"medium_large":false,"large":false,"1536x1536":false,"2048x2048":false,"trp-custom-language-flag":false},"uagb_author_info":{"display_name":"Bruno Gianni","author_link":"https:\/\/thefundmentor.com\/fr\/author\/bcgianni\/"},"uagb_comment_info":0,"uagb_excerpt":"The Fund Mentor was created to provide readers with accessible and reliable financial information that supports informed decision-making in everyday life. Our mission is to simplify complex financial topics and present them in a way that feels approachable, insightful, and practical. We believe that everyone, regardless of background or experience, deserves the opportunity to understand\u2026","_links":{"self":[{"href":"https:\/\/thefundmentor.com\/fr\/wp-json\/wp\/v2\/pages\/5"}],"collection":[{"href":"https:\/\/thefundmentor.com\/fr\/wp-json\/wp\/v2\/pages"}],"about":[{"href":"https:\/\/thefundmentor.com\/fr\/wp-json\/wp\/v2\/types\/page"}],"author":[{"embeddable":true,"href":"https:\/\/thefundmentor.com\/fr\/wp-json\/wp\/v2\/users\/3"}],"replies":[{"embeddable":true,"href":"https:\/\/thefundmentor.com\/fr\/wp-json\/wp\/v2\/comments?post=5"}],"version-history":[{"count":1,"href":"https:\/\/thefundmentor.com\/fr\/wp-json\/wp\/v2\/pages\/5\/revisions"}],"predecessor-version":[{"id":7,"href":"https:\/\/thefundmentor.com\/fr\/wp-json\/wp\/v2\/pages\/5\/revisions\/7"}],"wp:attachment":[{"href":"https:\/\/thefundmentor.com\/fr\/wp-json\/wp\/v2\/media?parent=5"}],"curies":[{"name":"wp","href":"https:\/\/api.w.org\/{rel}","templated":true}]}}