{"id":429,"date":"2025-09-05T08:41:12","date_gmt":"2025-09-05T08:41:12","guid":{"rendered":"https:\/\/thefundmentor.com\/home-2\/"},"modified":"2025-12-12T04:28:51","modified_gmt":"2025-12-12T04:28:51","slug":"home-2","status":"publish","type":"page","link":"https:\/\/thefundmentor.com\/fr\/","title":{"rendered":"Home"},"content":{"rendered":"<form role=\"search\" method=\"get\" action=\"https:\/\/thefundmentor.com\/fr\/\" class=\"wp-block-search__button-outside wp-block-search__text-button wp-block-search\" data-trp-original-action=\"https:\/\/thefundmentor.com\/fr\/\"    ><label class=\"wp-block-search__label\" for=\"wp-block-search__input-1\" >Recherche<\/label><div class=\"wp-block-search__inside-wrapper\"  style=\"width: 593px\"><input class=\"wp-block-search__input\" id=\"wp-block-search__input-1\" placeholder=\"\" value=\"\" type=\"search\" name=\"s\" required \/><button aria-label=\"Recherche\" class=\"wp-block-search__button wp-element-button\" type=\"submit\" >Recherche<\/button><\/div><input type=\"hidden\" name=\"trp-form-language\" value=\"fr\"\/><\/form>\n\n\n<div class=\"wp-block-uagb-container uagb-block-a28347b6 alignfull uagb-is-root-container\"><div class=\"uagb-container-inner-blocks-wrap\">\n<h1 class=\"wp-block-heading\">Contr\u00f4ler <\/h1>\n\n\n\n<h1 class=\"wp-block-heading\">de votre entreprise<\/h1>\n<\/div><\/div>\n\n\n\n<div class=\"wp-block-uagb-container uagb-block-06fffa5e alignfull uagb-is-root-container\"><div class=\"uagb-container-inner-blocks-wrap\">\n<div class=\"wp-block-uagb-advanced-heading uagb-block-e57efb3a\"><h2 class=\"uagb-heading-text\">Nous aidons les \u00e9quipes \u00e0 b\u00e2tir une entreprise de<br>R\u00e9alisez vos r\u00eaves gr\u00e2ce \u00e0 nos services.<\/h2><\/div>\n\n\n\n<div class=\"wp-block-uagb-container uagb-layout-grid uagb-block-20f60053 alignfull uagb-is-root-container\"><div class=\"uagb-container-inner-blocks-wrap\">\n<div class=\"wp-block-uagb-info-box uagb-block-c4764eda uagb-infobox__content-wrap  uagb-infobox-icon-above-title uagb-infobox-image-valign-top wp-block-uagb-info-box--has-margin\"><div class=\"uagb-infobox-margin-wrapper\"><div class=\"uagb-ifb-content\"><div class=\"uagb-ifb-title-wrap\"><h4 class=\"uagb-ifb-title\">Identifier les objectifs<\/h4><\/div><p class=\"uagb-ifb-desc\">Nous travaillons en \u00e9troite collaboration avec vous pour comprendre et identifier vos objectifs commerciaux afin de les traduire en un plan d&#039;action concret.<\/p><\/div><\/div><\/div>\n\n\n\n<div class=\"wp-block-uagb-info-box uagb-block-b3afdc8c uagb-infobox__content-wrap  uagb-infobox-icon-above-title uagb-infobox-image-valign-top wp-block-uagb-info-box--has-margin\"><div class=\"uagb-infobox-margin-wrapper\"><div class=\"uagb-ifb-content\"><div class=\"uagb-ifb-title-wrap\"><h4 class=\"uagb-ifb-title\">Donner vie aux id\u00e9es<\/h4><\/div><p class=\"uagb-ifb-desc\">Les id\u00e9es et les plans que nous avons not\u00e9s prendront alors vie. Nous vous aidons et vous guidons pour franchir le premier pas et mettre en place le projet.<\/p><\/div><\/div><\/div>\n\n\n\n<div class=\"wp-block-uagb-info-box uagb-block-f7c8e088 uagb-infobox__content-wrap  uagb-infobox-icon-above-title uagb-infobox-image-valign-top wp-block-uagb-info-box--has-margin\"><div class=\"uagb-infobox-margin-wrapper\"><div class=\"uagb-ifb-content\"><div class=\"uagb-ifb-title-wrap\"><h4 class=\"uagb-ifb-title\">Expansion de l&#039;entreprise<\/h4><\/div><p class=\"uagb-ifb-desc\">Cr\u00e9er une entreprise ne suffit pas. Nous vous aidons \u00e0 anticiper et vous encourageons \u00e0 d\u00e9velopper votre activit\u00e9 gr\u00e2ce \u00e0 un plan infaillible.<br><a href=\"https:\/\/websitedemos.net\/professional-services-02\/?customize_changeset_uuid=d8b36c07-94c8-45b3-8f93-173af52981d1&amp;customize_theme=astra&amp;customize_messenger_channel=preview-0#\"><\/a><\/p><\/div><\/div><\/div>\n<\/div><\/div>\n<\/div><\/div>\n\n\n\n<div class=\"wp-block-uagb-container uagb-block-5a9ca893 alignfull uagb-is-root-container\"><div class=\"uagb-container-inner-blocks-wrap\">\n<div class=\"wp-block-uagb-container uagb-layout-grid uagb-block-a68b7546 alignfull uagb-is-root-container\"><div class=\"uagb-container-inner-blocks-wrap\">\n<div class=\"wp-block-uagb-image uagb-block-b654844f wp-block-uagb-image--layout-default wp-block-uagb-image--effect-static wp-block-uagb-image--align-none\"><figure class=\"wp-block-uagb-image__figure\"><img decoding=\"async\" src=\"https:\/\/thefundmentor.com\/wp-content\/uploads\/sites\/506\/2021\/05\/home-about-img.jpg\" alt=\"\" class=\"uag-image-80\" width=\"600\" height=\"480\" title=\"\" loading=\"lazy\" role=\"img\" \/><\/figure><\/div>\n\n\n\n<div class=\"wp-block-uagb-info-box uagb-block-87795900 uagb-infobox__content-wrap  uagb-infobox-icon-above-title uagb-infobox-image-valign-top\"><div class=\"uagb-ifb-content\"><div class=\"uagb-ifb-title-wrap\"><h4 class=\"uagb-ifb-title-prefix\">Faites-nous confiance<\/h4><h2 class=\"uagb-ifb-title\">Nous sommes l\u00e0 pour vous aider !<\/h2><\/div><p class=\"uagb-ifb-desc\">Si vous recherchez un coach d&#039;affaires fiable avec qui partager vos id\u00e9es et obtenir les meilleurs conseils en mati\u00e8re de d\u00e9veloppement commercial, nous sommes l\u00e0. Forts de 10 ans d&#039;exp\u00e9rience dans l&#039;accompagnement des entreprises en pleine croissance, nous ma\u00eetrisons l&#039;analyse de march\u00e9 et vous aidons \u00e0 int\u00e9grer les derni\u00e8res tendances pour propulser votre entreprise vers de nouveaux sommets.<\/p><\/div><\/div>\n<\/div><\/div>\n\n\n\n<div class=\"wp-block-uagb-container uagb-block-1e5666b6 alignfull uagb-is-root-container\"><div class=\"uagb-container-inner-blocks-wrap\">\n<div class=\"wp-block-uagb-container uagb-block-143aa814\">\n<div class=\"wp-block-uagb-info-box uagb-block-2f1011f5 uagb-infobox__content-wrap  uagb-infobox-icon-above-title uagb-infobox-image-valign-top wp-block-uagb-info-box--has-margin\"><div class=\"uagb-infobox-margin-wrapper\"><div class=\"uagb-ifb-content\"><div class=\"uagb-ifb-title-wrap\"><h2 class=\"uagb-ifb-title\">Pourquoi nous choisir ?<\/h2><\/div><p class=\"uagb-ifb-desc\">Nous sommes une entreprise exp\u00e9riment\u00e9e. <br>Des professionnels \u00e0 l&#039;esprit jeune.<\/p><\/div><\/div><\/div>\n\n\n\n<div class=\"wp-block-uagb-info-box uagb-block-81527bc7 uagb-infobox__content-wrap  uagb-infobox-icon-above-title uagb-infobox-image-valign-top wp-block-uagb-info-box--has-margin\"><div class=\"uagb-infobox-margin-wrapper\"><div class=\"uagb-ifb-content\"><div class=\"uagb-ifb-title-wrap\"><h5 class=\"uagb-ifb-title-prefix\">Passion et engagement<\/h5><h5 class=\"uagb-ifb-title\">Honn\u00eatet\u00e9 et transparence<\/h5><\/div><\/div><\/div><\/div>\n\n\n\n<div class=\"wp-block-uagb-info-box uagb-block-c446901a uagb-infobox__content-wrap  uagb-infobox-icon-above-title uagb-infobox-image-valign-top wp-block-uagb-info-box--has-margin\"><div class=\"uagb-infobox-margin-wrapper\"><div class=\"uagb-ifb-content\"><div class=\"uagb-ifb-title-wrap\"><h5 class=\"uagb-ifb-title-prefix\">\u00c9quipe d\u00e9vou\u00e9e<\/h5><h5 class=\"uagb-ifb-title\">Approche pratique<\/h5><\/div><\/div><\/div><\/div>\n<\/div>\n\n\n\n<div class=\"wp-block-uagb-container uagb-block-ca16f42f\">\n<div class=\"wp-block-uagb-image uagb-block-0d694567 wp-block-uagb-image--layout-default wp-block-uagb-image--effect-static wp-block-uagb-image--align-none\"><figure class=\"wp-block-uagb-image__figure\"><img decoding=\"async\" src=\"https:\/\/thefundmentor.com\/wp-content\/uploads\/sites\/506\/2021\/05\/why-choose-us.jpg\" alt=\"\" class=\"uag-image-85\" width=\"600\" height=\"480\" title=\"\" loading=\"lazy\" role=\"img\" \/><\/figure><\/div>\n<\/div>\n<\/div><\/div>\n<\/div><\/div>\n\n\n\n<div class=\"wp-block-uagb-container uagb-block-1b6bd656 alignfull uagb-is-root-container\"><div class=\"uagb-container-inner-blocks-wrap\">\n<div class=\"wp-block-uagb-advanced-heading uagb-block-b1a821ee\"><h2 class=\"uagb-heading-text\">Approuv\u00e9 par les dirigeants<\/h2><\/div>\n\n\n\n<div class=\"wp-block-uagb-container uagb-layout-grid uagb-block-9d557470 alignfull uagb-is-root-container\"><div class=\"uagb-container-inner-blocks-wrap\">\n<div class=\"wp-block-uagb-testimonial uagb-slick-carousel uagb-tm__arrow-outside uagb-block-45cb3e54 uagb-post__carousel_notset uagb-post__carousel_notset-tablet uagb-post__carousel_notset-mobile\"><div class=\"is-carousel uagb-tm__columns-1 uagb-tm__items\"><div class=\"uagb-testimonial__wrap  uagb-tm__imgicon-style-circle uagb-tm__image-position-bottom uagb-tm__bg-type-none\"><div class=\"uagb-tm__content\"><div class=\"uagb-tm__overlay\"><\/div><div class=\"uagb-tm__text-wrap\"><div class=\"uagb-tm__desc\">Diam, urna, ornare leo facilisis suspend disse eu rutrum id cursus tincidunt nisl eget ornare pharetra ac pharetra.<\/div><div class=\"uagb-tm__meta-inner\"><div class=\"uagb-tm__image-content\"><div class=\"uagb-tm__image\"><img decoding=\"async\" class=\"uagb-tm-img-src\" src=\"https:\/\/websitedemos.net\/professional-services-08\/wp-content\/uploads\/sites\/856\/2021\/05\/customer-3-150x150.jpg\" alt=\"\" width=\"50\" height=\"50\" loading=\"lazy\" \/><\/div><\/div><div class=\"uagb-testimonial-details\"><span class=\"uagb-tm__author-name\">Priscila Markus<\/span><span class=\"uagb-tm__company\">Nom de l&#039;entreprise<\/span><\/div><\/div><\/div><\/div><\/div><\/div><\/div>\n\n\n\n<div class=\"wp-block-uagb-testimonial uagb-slick-carousel uagb-tm__arrow-outside uagb-block-cc4d6e5d uagb-post__carousel_notset uagb-post__carousel_notset-tablet uagb-post__carousel_notset-mobile\"><div class=\"is-carousel uagb-tm__columns-1 uagb-tm__items\"><div class=\"uagb-testimonial__wrap  uagb-tm__imgicon-style-circle uagb-tm__image-position-bottom uagb-tm__bg-type-none\"><div class=\"uagb-tm__content\"><div class=\"uagb-tm__overlay\"><\/div><div class=\"uagb-tm__text-wrap\"><div class=\"uagb-tm__desc\">Diam, urna, ornare leo facilisis suspend disse eu rutrum id cursus tincidunt nisl eget ornare pharetra ac pharetra.<\/div><div class=\"uagb-tm__meta-inner\"><div class=\"uagb-tm__image-content\"><div class=\"uagb-tm__image\"><img decoding=\"async\" class=\"uagb-tm-img-src\" src=\"https:\/\/websitedemos.net\/professional-services-08\/wp-content\/uploads\/sites\/856\/2021\/05\/customer-1-150x150.jpg\" alt=\"\" width=\"50\" height=\"50\" loading=\"lazy\" \/><\/div><\/div><div class=\"uagb-testimonial-details\"><span class=\"uagb-tm__author-name\">Kyle Hoffman<\/span><span class=\"uagb-tm__company\">Nom de l&#039;entreprise<\/span><\/div><\/div><\/div><\/div><\/div><\/div><\/div>\n\n\n\n<div class=\"wp-block-uagb-testimonial uagb-slick-carousel uagb-tm__arrow-outside uagb-block-524f7447 uagb-post__carousel_notset uagb-post__carousel_notset-tablet uagb-post__carousel_notset-mobile\"><div class=\"is-carousel uagb-tm__columns-1 uagb-tm__items\"><div class=\"uagb-testimonial__wrap  uagb-tm__imgicon-style-circle uagb-tm__image-position-bottom uagb-tm__bg-type-none\"><div class=\"uagb-tm__content\"><div class=\"uagb-tm__overlay\"><\/div><div class=\"uagb-tm__text-wrap\"><div class=\"uagb-tm__desc\">Diam, urna, ornare leo facilisis suspend disse eu rutrum id cursus tincidunt nisl eget ornare pharetra ac pharetra.<\/div><div class=\"uagb-tm__meta-inner\"><div class=\"uagb-tm__image-content\"><div class=\"uagb-tm__image\"><img decoding=\"async\" class=\"uagb-tm-img-src\" src=\"https:\/\/websitedemos.net\/professional-services-08\/wp-content\/uploads\/sites\/856\/2021\/06\/customer-4-150x150.jpg\" alt=\"\" width=\"50\" height=\"50\" loading=\"lazy\" \/><\/div><\/div><div class=\"uagb-testimonial-details\"><span class=\"uagb-tm__author-name\">Jason Myles<\/span><span class=\"uagb-tm__company\">Nom de l&#039;entreprise<\/span><\/div><\/div><\/div><\/div><\/div><\/div><\/div>\n<\/div><\/div>\n\n\n\n<div class=\"wp-block-uagb-container uagb-layout-grid uagb-block-03f12071 alignfull uagb-is-root-container\"><div class=\"uagb-container-inner-blocks-wrap\">\n<div class=\"wp-block-uagb-image alignleft uagb-block-d1c2eae6 wp-block-uagb-image--layout-default wp-block-uagb-image--effect-static wp-block-uagb-image--align-left\"><figure class=\"wp-block-uagb-image__figure\"><img decoding=\"async\" src=\"https:\/\/thefundmentor.com\/wp-content\/uploads\/sites\/506\/2021\/05\/logo-4.svg\" alt=\"\" class=\"uag-image-107\" width=\"180\" height=\"100\" title=\"\" loading=\"lazy\" role=\"img\" \/><\/figure><\/div>\n\n\n\n<div class=\"wp-block-uagb-image alignleft uagb-block-9cb254dd wp-block-uagb-image--layout-default wp-block-uagb-image--effect-static wp-block-uagb-image--align-left\"><figure class=\"wp-block-uagb-image__figure\"><img decoding=\"async\" src=\"https:\/\/thefundmentor.com\/wp-content\/uploads\/sites\/506\/2021\/05\/logo-5.svg\" alt=\"\" class=\"uag-image-108\" width=\"180\" height=\"100\" title=\"\" loading=\"lazy\" role=\"img\" \/><\/figure><\/div>\n\n\n\n<div class=\"wp-block-uagb-image alignleft uagb-block-f12b2191 wp-block-uagb-image--layout-default wp-block-uagb-image--effect-static wp-block-uagb-image--align-left\"><figure class=\"wp-block-uagb-image__figure\"><img decoding=\"async\" src=\"https:\/\/thefundmentor.com\/wp-content\/uploads\/sites\/506\/2021\/05\/logo-3.svg\" alt=\"\" class=\"uag-image-106\" width=\"180\" height=\"100\" title=\"\" loading=\"lazy\" role=\"img\" \/><\/figure><\/div>\n\n\n\n<div class=\"wp-block-uagb-image alignleft uagb-block-858cb254 wp-block-uagb-image--layout-default wp-block-uagb-image--effect-static wp-block-uagb-image--align-left\"><figure class=\"wp-block-uagb-image__figure\"><img decoding=\"async\" src=\"https:\/\/thefundmentor.com\/wp-content\/uploads\/sites\/506\/2021\/05\/logo-1.svg\" alt=\"\" class=\"uag-image-104\" width=\"180\" height=\"100\" title=\"\" loading=\"lazy\" role=\"img\" \/><\/figure><\/div>\n<\/div><\/div>\n<\/div><\/div>\n\n\n\n<div class=\"wp-block-uagb-container uagb-block-05fd2311 alignfull uagb-is-root-container\"><div class=\"uagb-container-inner-blocks-wrap\">\n<h2 class=\"wp-block-heading\">Surmontez vos obstacles. <\/h2>\n\n\n\n<h2 class=\"wp-block-heading\">Obtenez un coaching d&#039;affaires d\u00e8s aujourd&#039;hui\u00a0!<\/h2>\n<\/div><\/div>","protected":false},"excerpt":{"rendered":"<p>Take Control of Your Business We help teams build a business oftheir dreams with our services. Trusted by Leaders Overcome your obstacles. Get Business Coaching, Today!<\/p>","protected":false},"author":2,"featured_media":0,"parent":0,"menu_order":0,"comment_status":"closed","ping_status":"closed","template":"","meta":{"_uag_custom_page_level_css":"","site-sidebar-layout":"no-sidebar","site-content-layout":"plain-container","ast-site-content-layout":"normal-width-container","site-content-style":"unboxed","site-sidebar-style":"unboxed","ast-global-header-display":"","ast-banner-title-visibility":"","ast-main-header-display":"","ast-hfb-above-header-display":"","ast-hfb-below-header-display":"","ast-hfb-mobile-header-display":"","site-post-title":"disabled","ast-breadcrumbs-content":"","ast-featured-img":"","footer-sml-layout":"","theme-transparent-header-meta":"default","adv-header-id-meta":"","stick-header-meta":"","header-above-stick-meta":"","header-main-stick-meta":"","header-below-stick-meta":"","astra-migrate-meta-layouts":"set","ast-page-background-enabled":"default","ast-page-background-meta":{"desktop":{"background-color":"var(--ast-global-color-4)","background-image":"","background-repeat":"repeat","background-position":"center center","background-size":"auto","background-attachment":"scroll","background-type":"","background-media":"","overlay-type":"","overlay-color":"","overlay-opacity":"","overlay-gradient":""},"tablet":{"background-color":"","background-image":"","background-repeat":"repeat","background-position":"center center","background-size":"auto","background-attachment":"scroll","background-type":"","background-media":"","overlay-type":"","overlay-color":"","overlay-opacity":"","overlay-gradient":""},"mobile":{"background-color":"","background-image":"","background-repeat":"repeat","background-position":"center center","background-size":"auto","background-attachment":"scroll","background-type":"","background-media":"","overlay-type":"","overlay-color":"","overlay-opacity":"","overlay-gradient":""}},"ast-content-background-meta":{"desktop":{"background-color":"var(--ast-global-color-5)","background-image":"","background-repeat":"repeat","background-position":"center center","background-size":"auto","background-attachment":"scroll","background-type":"","background-media":"","overlay-type":"","overlay-color":"","overlay-opacity":"","overlay-gradient":""},"tablet":{"background-color":"var(--ast-global-color-5)","background-image":"","background-repeat":"repeat","background-position":"center center","background-size":"auto","background-attachment":"scroll","background-type":"","background-media":"","overlay-type":"","overlay-color":"","overlay-opacity":"","overlay-gradient":""},"mobile":{"background-color":"var(--ast-global-color-5)","background-image":"","background-repeat":"repeat","background-position":"center center","background-size":"auto","background-attachment":"scroll","background-type":"","background-media":"","overlay-type":"","overlay-color":"","overlay-opacity":"","overlay-gradient":""}},"footnotes":""},"yoast_head":"<!-- This site is optimized with the Yoast SEO plugin v23.3 - https:\/\/yoast.com\/wordpress\/plugins\/seo\/ -->\n<title>Home - The Fund Mentor<\/title>\n<meta name=\"robots\" content=\"index, follow, max-snippet:-1, max-image-preview:large, max-video-preview:-1\" \/>\n<link rel=\"canonical\" href=\"https:\/\/thefundmentor.com\/fr\/\" \/>\n<meta property=\"og:locale\" content=\"fr_FR\" \/>\n<meta property=\"og:type\" content=\"article\" \/>\n<meta property=\"og:title\" content=\"Home - The Fund Mentor\" \/>\n<meta property=\"og:description\" content=\"Take Control of Your Business We help teams build a business oftheir dreams with our services. Trusted by Leaders Overcome your obstacles. Get Business Coaching, Today!\" \/>\n<meta property=\"og:url\" content=\"https:\/\/thefundmentor.com\/fr\/\" \/>\n<meta property=\"og:site_name\" content=\"The Fund Mentor\" \/>\n<meta property=\"article:modified_time\" content=\"2025-12-12T04:28:51+00:00\" \/>\n<meta property=\"og:image\" content=\"https:\/\/thefundmentor.com\/wp-content\/uploads\/sites\/506\/2021\/05\/home-about-img.jpg\" \/>\n<meta name=\"twitter:card\" content=\"summary_large_image\" \/>\n<meta name=\"twitter:label1\" content=\"Est. reading time\" \/>\n\t<meta name=\"twitter:data1\" content=\"3 minutes\" \/>\n<script type=\"application\/ld+json\" class=\"yoast-schema-graph\">{\"@context\":\"https:\/\/schema.org\",\"@graph\":[{\"@type\":\"WebPage\",\"@id\":\"https:\/\/thefundmentor.com\/\",\"url\":\"https:\/\/thefundmentor.com\/\",\"name\":\"Home - The Fund Mentor\",\"isPartOf\":{\"@id\":\"https:\/\/thefundmentor.com\/#website\"},\"primaryImageOfPage\":{\"@id\":\"https:\/\/thefundmentor.com\/#primaryimage\"},\"image\":{\"@id\":\"https:\/\/thefundmentor.com\/#primaryimage\"},\"thumbnailUrl\":\"https:\/\/thefundmentor.com\/wp-content\/uploads\/sites\/506\/2021\/05\/home-about-img.jpg\",\"datePublished\":\"2025-09-05T08:41:12+00:00\",\"dateModified\":\"2025-12-12T04:28:51+00:00\",\"breadcrumb\":{\"@id\":\"https:\/\/thefundmentor.com\/#breadcrumb\"},\"inLanguage\":\"fr-FR\",\"potentialAction\":[{\"@type\":\"ReadAction\",\"target\":[\"https:\/\/thefundmentor.com\/\"]}]},{\"@type\":\"ImageObject\",\"inLanguage\":\"fr-FR\",\"@id\":\"https:\/\/thefundmentor.com\/#primaryimage\",\"url\":\"https:\/\/thefundmentor.com\/wp-content\/uploads\/sites\/506\/2021\/05\/home-about-img.jpg\",\"contentUrl\":\"https:\/\/thefundmentor.com\/wp-content\/uploads\/sites\/506\/2021\/05\/home-about-img.jpg\"},{\"@type\":\"BreadcrumbList\",\"@id\":\"https:\/\/thefundmentor.com\/#breadcrumb\",\"itemListElement\":[{\"@type\":\"ListItem\",\"position\":1,\"name\":\"Home\",\"item\":\"https:\/\/thefundmentor.com\/\"},{\"@type\":\"ListItem\",\"position\":2,\"name\":\"Home\"}]},{\"@type\":\"WebSite\",\"@id\":\"https:\/\/thefundmentor.com\/#website\",\"url\":\"https:\/\/thefundmentor.com\/\",\"name\":\"The Fund Mentor\",\"description\":\"\",\"publisher\":{\"@id\":\"https:\/\/thefundmentor.com\/#organization\"},\"potentialAction\":[{\"@type\":\"SearchAction\",\"target\":{\"@type\":\"EntryPoint\",\"urlTemplate\":\"https:\/\/thefundmentor.com\/?s={search_term_string}\"},\"query-input\":\"required name=search_term_string\"}],\"inLanguage\":\"fr-FR\"},{\"@type\":\"Organization\",\"@id\":\"https:\/\/thefundmentor.com\/#organization\",\"name\":\"The Fund Mentor\",\"url\":\"https:\/\/thefundmentor.com\/\",\"logo\":{\"@type\":\"ImageObject\",\"inLanguage\":\"fr-FR\",\"@id\":\"https:\/\/thefundmentor.com\/#\/schema\/logo\/image\/\",\"url\":\"https:\/\/thefundmentor.com\/wp-content\/uploads\/sites\/506\/2025\/11\/Logo-The-Fund-Mentor.png\",\"contentUrl\":\"https:\/\/thefundmentor.com\/wp-content\/uploads\/sites\/506\/2025\/11\/Logo-The-Fund-Mentor.png\",\"width\":600,\"height\":600,\"caption\":\"The Fund Mentor\"},\"image\":{\"@id\":\"https:\/\/thefundmentor.com\/#\/schema\/logo\/image\/\"}}]}<\/script>\n<!-- \/ Yoast SEO plugin. -->","yoast_head_json":{"title":"Home - The Fund Mentor","robots":{"index":"index","follow":"follow","max-snippet":"max-snippet:-1","max-image-preview":"max-image-preview:large","max-video-preview":"max-video-preview:-1"},"canonical":"https:\/\/thefundmentor.com\/fr\/","og_locale":"fr_FR","og_type":"article","og_title":"Home - The Fund Mentor","og_description":"Take Control of Your Business We help teams build a business oftheir dreams with our services. Trusted by Leaders Overcome your obstacles. Get Business Coaching, Today!","og_url":"https:\/\/thefundmentor.com\/fr\/","og_site_name":"The Fund Mentor","article_modified_time":"2025-12-12T04:28:51+00:00","og_image":[{"url":"https:\/\/thefundmentor.com\/wp-content\/uploads\/sites\/506\/2021\/05\/home-about-img.jpg"}],"twitter_card":"summary_large_image","twitter_misc":{"Est. reading time":"3 minutes"},"schema":{"@context":"https:\/\/schema.org","@graph":[{"@type":"WebPage","@id":"https:\/\/thefundmentor.com\/","url":"https:\/\/thefundmentor.com\/","name":"Home - The Fund Mentor","isPartOf":{"@id":"https:\/\/thefundmentor.com\/#website"},"primaryImageOfPage":{"@id":"https:\/\/thefundmentor.com\/#primaryimage"},"image":{"@id":"https:\/\/thefundmentor.com\/#primaryimage"},"thumbnailUrl":"https:\/\/thefundmentor.com\/wp-content\/uploads\/sites\/506\/2021\/05\/home-about-img.jpg","datePublished":"2025-09-05T08:41:12+00:00","dateModified":"2025-12-12T04:28:51+00:00","breadcrumb":{"@id":"https:\/\/thefundmentor.com\/#breadcrumb"},"inLanguage":"fr-FR","potentialAction":[{"@type":"ReadAction","target":["https:\/\/thefundmentor.com\/"]}]},{"@type":"ImageObject","inLanguage":"fr-FR","@id":"https:\/\/thefundmentor.com\/#primaryimage","url":"https:\/\/thefundmentor.com\/wp-content\/uploads\/sites\/506\/2021\/05\/home-about-img.jpg","contentUrl":"https:\/\/thefundmentor.com\/wp-content\/uploads\/sites\/506\/2021\/05\/home-about-img.jpg"},{"@type":"BreadcrumbList","@id":"https:\/\/thefundmentor.com\/#breadcrumb","itemListElement":[{"@type":"ListItem","position":1,"name":"Home","item":"https:\/\/thefundmentor.com\/"},{"@type":"ListItem","position":2,"name":"Home"}]},{"@type":"WebSite","@id":"https:\/\/thefundmentor.com\/#website","url":"https:\/\/thefundmentor.com\/","name":"The Fund Mentor","description":"","publisher":{"@id":"https:\/\/thefundmentor.com\/#organization"},"potentialAction":[{"@type":"SearchAction","target":{"@type":"EntryPoint","urlTemplate":"https:\/\/thefundmentor.com\/?s={search_term_string}"},"query-input":"required name=search_term_string"}],"inLanguage":"fr-FR"},{"@type":"Organization","@id":"https:\/\/thefundmentor.com\/#organization","name":"The Fund Mentor","url":"https:\/\/thefundmentor.com\/","logo":{"@type":"ImageObject","inLanguage":"fr-FR","@id":"https:\/\/thefundmentor.com\/#\/schema\/logo\/image\/","url":"https:\/\/thefundmentor.com\/wp-content\/uploads\/sites\/506\/2025\/11\/Logo-The-Fund-Mentor.png","contentUrl":"https:\/\/thefundmentor.com\/wp-content\/uploads\/sites\/506\/2025\/11\/Logo-The-Fund-Mentor.png","width":600,"height":600,"caption":"The Fund Mentor"},"image":{"@id":"https:\/\/thefundmentor.com\/#\/schema\/logo\/image\/"}}]}},"uagb_featured_image_src":{"full":false,"thumbnail":false,"medium":false,"medium_large":false,"large":false,"1536x1536":false,"2048x2048":false,"trp-custom-language-flag":false},"uagb_author_info":{"display_name":"lcgianni","author_link":"https:\/\/thefundmentor.com\/fr\/author\/lcgianni\/"},"uagb_comment_info":0,"uagb_excerpt":"Take Control of Your Business We help teams build a business oftheir dreams with our services. Trusted by Leaders Overcome your obstacles. Get Business Coaching, Today!","_links":{"self":[{"href":"https:\/\/thefundmentor.com\/fr\/wp-json\/wp\/v2\/pages\/429"}],"collection":[{"href":"https:\/\/thefundmentor.com\/fr\/wp-json\/wp\/v2\/pages"}],"about":[{"href":"https:\/\/thefundmentor.com\/fr\/wp-json\/wp\/v2\/types\/page"}],"author":[{"embeddable":true,"href":"https:\/\/thefundmentor.com\/fr\/wp-json\/wp\/v2\/users\/2"}],"replies":[{"embeddable":true,"href":"https:\/\/thefundmentor.com\/fr\/wp-json\/wp\/v2\/comments?post=429"}],"version-history":[{"count":3,"href":"https:\/\/thefundmentor.com\/fr\/wp-json\/wp\/v2\/pages\/429\/revisions"}],"predecessor-version":[{"id":567,"href":"https:\/\/thefundmentor.com\/fr\/wp-json\/wp\/v2\/pages\/429\/revisions\/567"}],"wp:attachment":[{"href":"https:\/\/thefundmentor.com\/fr\/wp-json\/wp\/v2\/media?parent=429"}],"curies":[{"name":"wp","href":"https:\/\/api.w.org\/{rel}","templated":true}]}}